{"id":3415,"date":"2022-03-29T23:56:09","date_gmt":"2022-03-30T06:56:09","guid":{"rendered":"https:\/\/www.latinonw.com\/suscribir\/"},"modified":"2022-07-04T23:29:46","modified_gmt":"2022-07-05T06:29:46","slug":"suscribir","status":"publish","type":"page","link":"https:\/\/www.latinonw.com\/es\/suscribir\/","title":{"rendered":"Suscr\u00edbete"},"content":{"rendered":"\n<p>LatinoNW se esfuerza a brindar a nuestras comunidades historias confiables que informan e inspiran. Mant\u00e9nte actualizado sobre el contenido que es importante para los latinos en el estado de Washington y el gran noroeste del Pac\u00edfico.<\/p>\n<div class=\"wpforms-container wpforms-container-full\" id=\"wpforms-4045\"><form id=\"wpforms-form-4045\" class=\"wpforms-validate wpforms-form wpforms-ajax-form\" data-formid=\"4045\" method=\"post\" enctype=\"multipart\/form-data\" action=\"\/es\/wp-json\/wp\/v2\/pages\/3415\" data-token=\"759e43df3c0679b2576e6c5e8a9d8dbf\" data-token-time=\"1777759023\"><noscript class=\"wpforms-error-noscript\">Por favor, activa JavaScript en tu navegador para completar este formulario.<\/noscript><div class=\"wpforms-field-container\"><div id=\"wpforms-4045-field_1-container\" class=\"wpforms-field wpforms-field-email\" data-field-id=\"1\"><label class=\"wpforms-field-label\" for=\"wpforms-4045-field_1\">Correo electr\u00f3nico <span class=\"wpforms-required-label\">*<\/span><\/label><input type=\"email\" id=\"wpforms-4045-field_1\" class=\"wpforms-field-medium wpforms-field-required\" name=\"wpforms[fields][1]\" spellcheck=\"false\" required><\/div><div id=\"wpforms-4045-field_2-container\" class=\"wpforms-field wpforms-field-gdpr-checkbox\" data-field-id=\"2\"><label class=\"wpforms-field-label\">Acuerdo RGPD  <span class=\"wpforms-required-label\">*<\/span><\/label><ul id=\"wpforms-4045-field_2\" class=\"wpforms-field-required\"><li class=\"choice-1\"><input type=\"checkbox\" id=\"wpforms-4045-field_2_1\" name=\"wpforms[fields][2][]\" value=\"Doy mi consentimiento para que este sitio web almacene mi direcci\u00f3n de correo electr\u00f3nico para fines de suscripci\u00f3n.\" required ><label class=\"wpforms-field-label-inline\" for=\"wpforms-4045-field_2_1\">Doy mi consentimiento para que este sitio web almacene mi direcci\u00f3n de correo electr\u00f3nico para fines de suscripci\u00f3n.<\/label><\/li><\/ul><\/div><\/div><!-- .wpforms-field-container --><div class=\"wpforms-submit-container\" ><input type=\"hidden\" name=\"wpforms[id]\" value=\"4045\"><input type=\"hidden\" name=\"page_title\" value=\"\"><input type=\"hidden\" name=\"page_url\" value=\"https:\/\/www.latinonw.com\/es\/wp-json\/wp\/v2\/pages\/3415\"><input type=\"hidden\" name=\"url_referer\" value=\"\"><button type=\"submit\" name=\"wpforms[submit]\" id=\"wpforms-submit-4045\" class=\"wpforms-submit\" data-alt-text=\"Enviando...\" data-submit-text=\"Suscribeme\" aria-live=\"assertive\" value=\"wpforms-submit\">Suscribeme<\/button><img loading=\"lazy\" decoding=\"async\" src=\"https:\/\/www.latinonw.com\/wp-content\/plugins\/wpforms\/assets\/images\/submit-spin.svg\" class=\"wpforms-submit-spinner\" style=\"display: none;\" width=\"26\" height=\"26\" alt=\"Cargando\"><\/div><\/form><\/div>  <!-- .wpforms-container -->\n\n<p style=\"font-size:14px\">Para obtener informaci\u00f3n m\u00e1s detallada, consulte nuestra <a href=\"https:\/\/www.latinonw.com\/privacy-policy\/\">Pol\u00edtica de Privacidad<\/a> .<\/p>\n","protected":false},"excerpt":{"rendered":"<p>LatinoNW se esfuerza a brindar a nuestras comunidades historias confiables que informan e inspiran. Mant\u00e9nte actualizado sobre el contenido que es importante para los latinos en el estado de Washington y el gran noroeste del Pac\u00edfico. Para obtener informaci\u00f3n m\u00e1s detallada, consulte nuestra Pol\u00edtica de Privacidad .<\/p>\n","protected":false},"author":1,"featured_media":0,"parent":0,"menu_order":0,"comment_status":"closed","ping_status":"closed","template":"","meta":{"_coblocks_attr":"","_coblocks_dimensions":"","_coblocks_responsive_height":"","_coblocks_accordion_ie_support":"","footnotes":""},"class_list":["post-3415","page","type-page","status-publish"],"yoast_head":"<!-- This site is optimized with the Yoast SEO plugin v24.7 - https:\/\/yoast.com\/wordpress\/plugins\/seo\/ -->\n<title>Suscr\u00edbete - LatinoNW<\/title>\n<meta name=\"description\" content=\"Mant\u00e9nte actualizado sobre el contenido que es importante para los latinos en el estado de Washington y el gran noroeste del Pac\u00edfico.\" \/>\n<meta name=\"robots\" content=\"noindex, nofollow\" \/>\n<meta property=\"og:locale\" content=\"es_ES\" \/>\n<meta property=\"og:type\" content=\"article\" \/>\n<meta property=\"og:title\" content=\"Suscr\u00edbete - LatinoNW\" \/>\n<meta property=\"og:description\" content=\"Mant\u00e9nte actualizado sobre el contenido que es importante para los latinos en el estado de Washington y el gran noroeste del Pac\u00edfico.\" \/>\n<meta property=\"og:url\" content=\"https:\/\/www.latinonw.com\/es\/suscribir\/\" \/>\n<meta property=\"og:site_name\" content=\"LatinoNW\" \/>\n<meta property=\"article:modified_time\" content=\"2022-07-05T06:29:46+00:00\" \/>\n<meta name=\"twitter:card\" content=\"summary_large_image\" \/>\n<script type=\"application\/ld+json\" class=\"yoast-schema-graph\">{\"@context\":\"https:\/\/schema.org\",\"@graph\":[{\"@type\":\"WebPage\",\"@id\":\"https:\/\/www.latinonw.com\/es\/suscribir\/\",\"url\":\"https:\/\/www.latinonw.com\/es\/suscribir\/\",\"name\":\"Suscr\u00edbete - LatinoNW\",\"isPartOf\":{\"@id\":\"https:\/\/www.latinonw.com\/es\/#website\"},\"datePublished\":\"2022-03-30T06:56:09+00:00\",\"dateModified\":\"2022-07-05T06:29:46+00:00\",\"description\":\"Mant\u00e9nte actualizado sobre el contenido que es importante para los latinos en el estado de Washington y el gran noroeste del Pac\u00edfico.\",\"breadcrumb\":{\"@id\":\"https:\/\/www.latinonw.com\/es\/suscribir\/#breadcrumb\"},\"inLanguage\":\"es\",\"potentialAction\":[{\"@type\":\"ReadAction\",\"target\":[\"https:\/\/www.latinonw.com\/es\/suscribir\/\"]}]},{\"@type\":\"BreadcrumbList\",\"@id\":\"https:\/\/www.latinonw.com\/es\/suscribir\/#breadcrumb\",\"itemListElement\":[{\"@type\":\"ListItem\",\"position\":1,\"name\":\"Portal\",\"item\":\"https:\/\/www.latinonw.com\/es\/\"},{\"@type\":\"ListItem\",\"position\":2,\"name\":\"Suscr\u00edbete\"}]},{\"@type\":\"WebSite\",\"@id\":\"https:\/\/www.latinonw.com\/es\/#website\",\"url\":\"https:\/\/www.latinonw.com\/es\/\",\"name\":\"LatinoNW\",\"description\":\"Historias biling\u00fces que informan e inspiran a nuestras comunidades.\",\"publisher\":{\"@id\":\"https:\/\/www.latinonw.com\/es\/#organization\"},\"potentialAction\":[{\"@type\":\"SearchAction\",\"target\":{\"@type\":\"EntryPoint\",\"urlTemplate\":\"https:\/\/www.latinonw.com\/es\/?s={search_term_string}\"},\"query-input\":{\"@type\":\"PropertyValueSpecification\",\"valueRequired\":true,\"valueName\":\"search_term_string\"}}],\"inLanguage\":\"es\"},{\"@type\":\"Organization\",\"@id\":\"https:\/\/www.latinonw.com\/es\/#organization\",\"name\":\"LatinoNW\",\"url\":\"https:\/\/www.latinonw.com\/es\/\",\"logo\":{\"@type\":\"ImageObject\",\"inLanguage\":\"es\",\"@id\":\"https:\/\/www.latinonw.com\/es\/#\/schema\/logo\/image\/\",\"url\":\"https:\/\/www.latinonw.com\/wp-content\/uploads\/2022\/03\/cropped-logo_LatinoNW-g.png\",\"contentUrl\":\"https:\/\/www.latinonw.com\/wp-content\/uploads\/2022\/03\/cropped-logo_LatinoNW-g.png\",\"width\":1037,\"height\":116,\"caption\":\"LatinoNW\"},\"image\":{\"@id\":\"https:\/\/www.latinonw.com\/es\/#\/schema\/logo\/image\/\"}}]}<\/script>\n<!-- \/ Yoast SEO plugin. -->","yoast_head_json":{"title":"Suscr\u00edbete - LatinoNW","description":"Mant\u00e9nte actualizado sobre el contenido que es importante para los latinos en el estado de Washington y el gran noroeste del Pac\u00edfico.","robots":{"index":"noindex","follow":"nofollow"},"og_locale":"es_ES","og_type":"article","og_title":"Suscr\u00edbete - LatinoNW","og_description":"Mant\u00e9nte actualizado sobre el contenido que es importante para los latinos en el estado de Washington y el gran noroeste del Pac\u00edfico.","og_url":"https:\/\/www.latinonw.com\/es\/suscribir\/","og_site_name":"LatinoNW","article_modified_time":"2022-07-05T06:29:46+00:00","twitter_card":"summary_large_image","schema":{"@context":"https:\/\/schema.org","@graph":[{"@type":"WebPage","@id":"https:\/\/www.latinonw.com\/es\/suscribir\/","url":"https:\/\/www.latinonw.com\/es\/suscribir\/","name":"Suscr\u00edbete - LatinoNW","isPartOf":{"@id":"https:\/\/www.latinonw.com\/es\/#website"},"datePublished":"2022-03-30T06:56:09+00:00","dateModified":"2022-07-05T06:29:46+00:00","description":"Mant\u00e9nte actualizado sobre el contenido que es importante para los latinos en el estado de Washington y el gran noroeste del Pac\u00edfico.","breadcrumb":{"@id":"https:\/\/www.latinonw.com\/es\/suscribir\/#breadcrumb"},"inLanguage":"es","potentialAction":[{"@type":"ReadAction","target":["https:\/\/www.latinonw.com\/es\/suscribir\/"]}]},{"@type":"BreadcrumbList","@id":"https:\/\/www.latinonw.com\/es\/suscribir\/#breadcrumb","itemListElement":[{"@type":"ListItem","position":1,"name":"Portal","item":"https:\/\/www.latinonw.com\/es\/"},{"@type":"ListItem","position":2,"name":"Suscr\u00edbete"}]},{"@type":"WebSite","@id":"https:\/\/www.latinonw.com\/es\/#website","url":"https:\/\/www.latinonw.com\/es\/","name":"LatinoNW","description":"Historias biling\u00fces que informan e inspiran a nuestras comunidades.","publisher":{"@id":"https:\/\/www.latinonw.com\/es\/#organization"},"potentialAction":[{"@type":"SearchAction","target":{"@type":"EntryPoint","urlTemplate":"https:\/\/www.latinonw.com\/es\/?s={search_term_string}"},"query-input":{"@type":"PropertyValueSpecification","valueRequired":true,"valueName":"search_term_string"}}],"inLanguage":"es"},{"@type":"Organization","@id":"https:\/\/www.latinonw.com\/es\/#organization","name":"LatinoNW","url":"https:\/\/www.latinonw.com\/es\/","logo":{"@type":"ImageObject","inLanguage":"es","@id":"https:\/\/www.latinonw.com\/es\/#\/schema\/logo\/image\/","url":"https:\/\/www.latinonw.com\/wp-content\/uploads\/2022\/03\/cropped-logo_LatinoNW-g.png","contentUrl":"https:\/\/www.latinonw.com\/wp-content\/uploads\/2022\/03\/cropped-logo_LatinoNW-g.png","width":1037,"height":116,"caption":"LatinoNW"},"image":{"@id":"https:\/\/www.latinonw.com\/es\/#\/schema\/logo\/image\/"}}]}},"_links":{"self":[{"href":"https:\/\/www.latinonw.com\/es\/wp-json\/wp\/v2\/pages\/3415","targetHints":{"allow":["GET"]}}],"collection":[{"href":"https:\/\/www.latinonw.com\/es\/wp-json\/wp\/v2\/pages"}],"about":[{"href":"https:\/\/www.latinonw.com\/es\/wp-json\/wp\/v2\/types\/page"}],"author":[{"embeddable":true,"href":"https:\/\/www.latinonw.com\/es\/wp-json\/wp\/v2\/users\/1"}],"replies":[{"embeddable":true,"href":"https:\/\/www.latinonw.com\/es\/wp-json\/wp\/v2\/comments?post=3415"}],"version-history":[{"count":17,"href":"https:\/\/www.latinonw.com\/es\/wp-json\/wp\/v2\/pages\/3415\/revisions"}],"predecessor-version":[{"id":4525,"href":"https:\/\/www.latinonw.com\/es\/wp-json\/wp\/v2\/pages\/3415\/revisions\/4525"}],"wp:attachment":[{"href":"https:\/\/www.latinonw.com\/es\/wp-json\/wp\/v2\/media?parent=3415"}],"curies":[{"name":"wp","href":"https:\/\/api.w.org\/{rel}","templated":true}]}}