{"id":3430,"date":"2022-08-17T00:00:00","date_gmt":"2022-08-17T07:00:00","guid":{"rendered":"https:\/\/www.latinonw.com\/sobre-nosotros\/"},"modified":"2023-03-21T14:23:31","modified_gmt":"2023-03-21T21:23:31","slug":"sobre-nosotros","status":"publish","type":"page","link":"https:\/\/www.latinonw.com\/es\/sobre-nosotros\/","title":{"rendered":"Sobre Nosotros"},"content":{"rendered":"<p><img loading=\"lazy\" decoding=\"async\" class=\"alignnone wp-image-3178 size-large\" src=\"https:\/\/www.latinonw.com\/wp-content\/uploads\/2022\/03\/fpo_01-1024x512.png\" alt=\"\" width=\"1000\" height=\"500\" srcset=\"https:\/\/www.latinonw.com\/wp-content\/uploads\/2022\/03\/fpo_01-1024x512.png 1024w, https:\/\/www.latinonw.com\/wp-content\/uploads\/2022\/03\/fpo_01-300x150.png 300w, https:\/\/www.latinonw.com\/wp-content\/uploads\/2022\/03\/fpo_01-768x384.png 768w, https:\/\/www.latinonw.com\/wp-content\/uploads\/2022\/03\/fpo_01-1536x768.png 1536w, https:\/\/www.latinonw.com\/wp-content\/uploads\/2022\/03\/fpo_01-1000x500.png 1000w, https:\/\/www.latinonw.com\/wp-content\/uploads\/2022\/03\/fpo_01.png 1680w\" sizes=\"auto, (max-width: 1000px) 100vw, 1000px\" \/><\/p>\n<h3>Nuestra Misi\u00f3n<\/h3>\n<p><span style=\"font-weight: 400;\">Fundada por inmigrantes en 1997, <\/span><a href=\"https:\/\/latinonorthwest.com\/\"><span style=\"font-weight: 400;\">Latino Northwest Communications <\/span><\/a><span style=\"font-weight: 400;\">tiene como misi\u00f3n capacitar a quienes se enfrentan a barreras ling\u00fc\u00edsticas y culturales, y establecer un v\u00ednculo con la comunidad para ayudar a comprender mejor a quienes viven entre dos culturas.<\/span><\/p>\n<h3><strong>Nuestra Visi\u00f3n<\/strong><\/h3>\n<p><span style=\"font-weight: 400;\">Latino Northwest Communications es una productora de medios que se especializa en producir contenido en espa\u00f1ol e ingl\u00e9s para la comunidad latina del noroeste del Pac\u00edfico. Con m\u00e1s de dos d\u00e9cadas de experiencia trabajando en esta regi\u00f3n, hemos desarrollado un profundo conocimiento de los problemas que afectan a los latinos y otras comunidades de inmigrantes en esta zona.&nbsp;<\/span><\/p>\n<p><span style=\"font-weight: 400;\">Con nuestra experiencia y misi\u00f3n establecidas como la fuerza impulsora detr\u00e1s de <a href=\"https:\/\/www.latinonw.com\/es\/\">LatinoNW.com<\/a>, nuestra visi\u00f3n es crear un espacio que brinde historias relevantes que informen e inspiren a nuestras comunidades con contenido culturalmente apropiado en el estado de Washington y el noroeste del Pac\u00edfico.<\/span><\/p>\n\n<h3 class=\"wp-block-heading\"><strong>Creadores de Contenido<\/strong><\/h3>\n\n<div class=\"wp-block-coblocks-row coblocks-row-6319317864\" data-columns=\"3\" data-layout=\"50-25-25\"><div class=\"wp-block-coblocks-row__inner has-no-padding has-no-margin is-stacked-on-mobile are-vertically-aligned-top has-medium-gutter\">\n<div class=\"wp-block-coblocks-column is-vertically-aligned-top coblocks-column-63193113510\" style=\"width:32.17%\"><div class=\"wp-block-coblocks-column__inner has-no-padding has-no-margin\"><div class=\"wp-block-image\">\n<figure class=\"aligncenter size-full\"><img loading=\"lazy\" decoding=\"async\" width=\"150\" height=\"150\" src=\"https:\/\/www.latinonw.com\/wp-content\/uploads\/2022\/07\/aboutUS-creators-img-mario.png\" alt=\"\" class=\"wp-image-4758\"\/><figcaption><strong><strong>Mario Zavaleta<\/strong> <br\/><\/strong><sub>Foundador, Director, Vide\u00f3grafo,<\/sub> <sub>Productor<\/sub><\/figcaption><\/figure><\/div><\/div><\/div>\n\n\n\n<div class=\"wp-block-coblocks-column has-text-align-center is-vertically-aligned-top coblocks-column-63193113514\" style=\"width:33.89%\"><div class=\"wp-block-coblocks-column__inner has-no-padding has-no-margin\"><div class=\"wp-block-image\">\n<figure class=\"aligncenter size-full\"><img loading=\"lazy\" decoding=\"async\" width=\"150\" height=\"150\" src=\"https:\/\/www.latinonw.com\/wp-content\/uploads\/2022\/07\/aboutUS-creators-img-martha.png\" alt=\"\" class=\"wp-image-4760\"\/><figcaption><strong>Martha S\u00e1nchez<\/strong><br\/><sub>Fundadora, Directora Creativa,<\/sub> <sub>Escritora, Productora<\/sub><\/figcaption><\/figure><\/div><\/div><\/div>\n\n\n\n<div class=\"wp-block-coblocks-column is-vertically-aligned-top coblocks-column-63193113516\" style=\"width:33.94%\"><div class=\"wp-block-coblocks-column__inner has-no-padding has-no-margin\"><div class=\"wp-block-image\">\n<figure class=\"aligncenter size-full\"><img loading=\"lazy\" decoding=\"async\" width=\"150\" height=\"150\" src=\"https:\/\/www.latinonw.com\/wp-content\/uploads\/2022\/07\/aboutUS-creators-img-paola.png\" alt=\"\" class=\"wp-image-4767\"\/><figcaption><strong><strong>Paola Reyes<\/strong><\/strong><br\/><sub>Dise\u00f1o, Branding, Desarrollo Web<\/sub><\/figcaption><\/figure><\/div><\/div><\/div>\n<\/div><\/div>\n\n<div class=\"wp-block-coblocks-row coblocks-row-6319317864\" data-columns=\"3\" data-layout=\"50-25-25\"><div class=\"wp-block-coblocks-row__inner has-no-padding has-no-margin is-stacked-on-mobile are-vertically-aligned-top has-medium-gutter\">\n<div class=\"wp-block-coblocks-column is-vertically-aligned-top coblocks-column-63193113510\" style=\"width:32.17%\"><div class=\"wp-block-coblocks-column__inner has-no-padding has-no-margin\"><div class=\"wp-block-image\">\n<figure class=\"aligncenter size-full\"><img loading=\"lazy\" decoding=\"async\" width=\"150\" height=\"150\" src=\"https:\/\/www.latinonw.com\/wp-content\/uploads\/2022\/07\/aboutUS-creators-img-miguel.png\" alt=\"\" class=\"wp-image-4762\"\/><figcaption><strong><strong>Miguel <strong>Mu\u00f1oz<\/strong><\/strong><\/strong><br\/><sub>M\u00fasico, Director, Productor<\/sub><\/figcaption><\/figure><\/div><\/div><\/div>\n\n\n\n<div class=\"wp-block-coblocks-column has-text-align-center is-vertically-aligned-top coblocks-column-63193113514\" style=\"width:33.89%\"><div class=\"wp-block-coblocks-column__inner has-no-padding has-no-margin\"><div class=\"wp-block-image\">\n<figure class=\"aligncenter size-full\"><img loading=\"lazy\" decoding=\"async\" width=\"150\" height=\"150\" src=\"https:\/\/www.latinonw.com\/wp-content\/uploads\/2022\/07\/aboutUS-creators-img-patricia.png\" alt=\"\" class=\"wp-image-4765\"\/><figcaption><strong>Patty Carri\u00f3n<\/strong><br\/><sub>Coordinadora, Enlance Comunitario,<\/sub> <sub>Productora<\/sub><\/figcaption><\/figure><\/div><\/div><\/div>\n\n\n\n<div class=\"wp-block-coblocks-column is-vertically-aligned-top coblocks-column-63193113516\" style=\"width:33.94%\"><div class=\"wp-block-coblocks-column__inner has-no-padding has-no-margin\"><div class=\"wp-block-image\">\n<figure class=\"aligncenter size-full\"><img loading=\"lazy\" decoding=\"async\" width=\"150\" height=\"150\" src=\"https:\/\/www.latinonw.com\/wp-content\/uploads\/2022\/07\/aboutUS-creators-img-jessica.png\" alt=\"\" class=\"wp-image-4772\"\/><figcaption><strong><strong>Jessica Cipriano<\/strong><\/strong><br\/><sub>Producci\u00f3n, Medios Sociales y Marketing<\/sub><\/figcaption><\/figure><\/div><\/div><\/div>\n<\/div><\/div>\n","protected":false},"excerpt":{"rendered":"<p>Nuestra Misi\u00f3n Fundada por inmigrantes en 1997, Latino Northwest Communications tiene como misi\u00f3n capacitar a quienes se enfrentan a barreras ling\u00fc\u00edsticas y culturales, y establecer un v\u00ednculo con la comunidad para ayudar a comprender mejor a quienes viven entre dos culturas. Nuestra Visi\u00f3n Latino Northwest Communications es una productora de [&hellip;]<\/p>\n","protected":false},"author":1,"featured_media":3390,"parent":0,"menu_order":0,"comment_status":"closed","ping_status":"closed","template":"","meta":{"_coblocks_attr":"","_coblocks_dimensions":"","_coblocks_responsive_height":"","_coblocks_accordion_ie_support":"","footnotes":""},"class_list":["post-3430","page","type-page","status-publish","has-post-thumbnail"],"yoast_head":"<!-- This site is optimized with the Yoast SEO plugin v24.7 - https:\/\/yoast.com\/wordpress\/plugins\/seo\/ -->\n<title>Sobre Nosotros - LatinoNW<\/title>\n<meta name=\"description\" content=\"Como fuerza impulsora de LatinoNW.com, la visi\u00f3n de Latino Northwest Communications es crear un espacio que ofrezca historias relevantes que informen e inspiren a nuestras comunidades con contenidos culturalmente apropiados en el estado de Washington y el noroeste del Pac\u00edfico\" \/>\n<meta name=\"robots\" content=\"noindex, nofollow\" \/>\n<meta property=\"og:locale\" content=\"es_ES\" \/>\n<meta property=\"og:type\" content=\"article\" \/>\n<meta property=\"og:title\" content=\"Sobre Nosotros - LatinoNW\" \/>\n<meta property=\"og:description\" content=\"Como fuerza impulsora de LatinoNW.com, la visi\u00f3n de Latino Northwest Communications es crear un espacio que ofrezca historias relevantes que informen e inspiren a nuestras comunidades con contenidos culturalmente apropiados en el estado de Washington y el noroeste del Pac\u00edfico\" \/>\n<meta property=\"og:url\" content=\"https:\/\/www.latinonw.com\/es\/sobre-nosotros\/\" \/>\n<meta property=\"og:site_name\" content=\"LatinoNW\" \/>\n<meta property=\"article:modified_time\" content=\"2023-03-21T21:23:31+00:00\" \/>\n<meta property=\"og:image\" content=\"https:\/\/www.latinonw.com\/wp-content\/uploads\/2022\/03\/fpo_01-1024x512.png\" \/>\n\t<meta property=\"og:image:width\" content=\"1024\" \/>\n\t<meta property=\"og:image:height\" content=\"512\" \/>\n\t<meta property=\"og:image:type\" content=\"image\/png\" \/>\n<meta name=\"twitter:card\" content=\"summary_large_image\" \/>\n<meta name=\"twitter:label1\" content=\"Tiempo de lectura\" \/>\n\t<meta name=\"twitter:data1\" content=\"1 minuto\" \/>\n<script type=\"application\/ld+json\" class=\"yoast-schema-graph\">{\"@context\":\"https:\/\/schema.org\",\"@graph\":[{\"@type\":\"WebPage\",\"@id\":\"https:\/\/www.latinonw.com\/es\/sobre-nosotros\/\",\"url\":\"https:\/\/www.latinonw.com\/es\/sobre-nosotros\/\",\"name\":\"Sobre Nosotros - LatinoNW\",\"isPartOf\":{\"@id\":\"https:\/\/www.latinonw.com\/es\/#website\"},\"primaryImageOfPage\":{\"@id\":\"https:\/\/www.latinonw.com\/es\/sobre-nosotros\/#primaryimage\"},\"image\":{\"@id\":\"https:\/\/www.latinonw.com\/es\/sobre-nosotros\/#primaryimage\"},\"thumbnailUrl\":\"https:\/\/www.latinonw.com\/wp-content\/uploads\/2022\/03\/fpo_01.png\",\"datePublished\":\"2022-08-17T07:00:00+00:00\",\"dateModified\":\"2023-03-21T21:23:31+00:00\",\"description\":\"Como fuerza impulsora de LatinoNW.com, la visi\u00f3n de Latino Northwest Communications es crear un espacio que ofrezca historias relevantes que informen e inspiren a nuestras comunidades con contenidos culturalmente apropiados en el estado de Washington y el noroeste del Pac\u00edfico\",\"breadcrumb\":{\"@id\":\"https:\/\/www.latinonw.com\/es\/sobre-nosotros\/#breadcrumb\"},\"inLanguage\":\"es\",\"potentialAction\":[{\"@type\":\"ReadAction\",\"target\":[\"https:\/\/www.latinonw.com\/es\/sobre-nosotros\/\"]}]},{\"@type\":\"ImageObject\",\"inLanguage\":\"es\",\"@id\":\"https:\/\/www.latinonw.com\/es\/sobre-nosotros\/#primaryimage\",\"url\":\"https:\/\/www.latinonw.com\/wp-content\/uploads\/2022\/03\/fpo_01.png\",\"contentUrl\":\"https:\/\/www.latinonw.com\/wp-content\/uploads\/2022\/03\/fpo_01.png\",\"width\":1680,\"height\":840},{\"@type\":\"BreadcrumbList\",\"@id\":\"https:\/\/www.latinonw.com\/es\/sobre-nosotros\/#breadcrumb\",\"itemListElement\":[{\"@type\":\"ListItem\",\"position\":1,\"name\":\"Portal\",\"item\":\"https:\/\/www.latinonw.com\/es\/\"},{\"@type\":\"ListItem\",\"position\":2,\"name\":\"Sobre Nosotros\"}]},{\"@type\":\"WebSite\",\"@id\":\"https:\/\/www.latinonw.com\/es\/#website\",\"url\":\"https:\/\/www.latinonw.com\/es\/\",\"name\":\"LatinoNW\",\"description\":\"Historias biling\u00fces que informan e inspiran a nuestras comunidades.\",\"publisher\":{\"@id\":\"https:\/\/www.latinonw.com\/es\/#organization\"},\"potentialAction\":[{\"@type\":\"SearchAction\",\"target\":{\"@type\":\"EntryPoint\",\"urlTemplate\":\"https:\/\/www.latinonw.com\/es\/?s={search_term_string}\"},\"query-input\":{\"@type\":\"PropertyValueSpecification\",\"valueRequired\":true,\"valueName\":\"search_term_string\"}}],\"inLanguage\":\"es\"},{\"@type\":\"Organization\",\"@id\":\"https:\/\/www.latinonw.com\/es\/#organization\",\"name\":\"LatinoNW\",\"url\":\"https:\/\/www.latinonw.com\/es\/\",\"logo\":{\"@type\":\"ImageObject\",\"inLanguage\":\"es\",\"@id\":\"https:\/\/www.latinonw.com\/es\/#\/schema\/logo\/image\/\",\"url\":\"https:\/\/www.latinonw.com\/wp-content\/uploads\/2022\/03\/cropped-logo_LatinoNW-g.png\",\"contentUrl\":\"https:\/\/www.latinonw.com\/wp-content\/uploads\/2022\/03\/cropped-logo_LatinoNW-g.png\",\"width\":1037,\"height\":116,\"caption\":\"LatinoNW\"},\"image\":{\"@id\":\"https:\/\/www.latinonw.com\/es\/#\/schema\/logo\/image\/\"}}]}<\/script>\n<!-- \/ Yoast SEO plugin. -->","yoast_head_json":{"title":"Sobre Nosotros - LatinoNW","description":"Como fuerza impulsora de LatinoNW.com, la visi\u00f3n de Latino Northwest Communications es crear un espacio que ofrezca historias relevantes que informen e inspiren a nuestras comunidades con contenidos culturalmente apropiados en el estado de Washington y el noroeste del Pac\u00edfico","robots":{"index":"noindex","follow":"nofollow"},"og_locale":"es_ES","og_type":"article","og_title":"Sobre Nosotros - LatinoNW","og_description":"Como fuerza impulsora de LatinoNW.com, la visi\u00f3n de Latino Northwest Communications es crear un espacio que ofrezca historias relevantes que informen e inspiren a nuestras comunidades con contenidos culturalmente apropiados en el estado de Washington y el noroeste del Pac\u00edfico","og_url":"https:\/\/www.latinonw.com\/es\/sobre-nosotros\/","og_site_name":"LatinoNW","article_modified_time":"2023-03-21T21:23:31+00:00","og_image":[{"width":1024,"height":512,"url":"https:\/\/www.latinonw.com\/wp-content\/uploads\/2022\/03\/fpo_01-1024x512.png","type":"image\/png"}],"twitter_card":"summary_large_image","twitter_misc":{"Tiempo de lectura":"1 minuto"},"schema":{"@context":"https:\/\/schema.org","@graph":[{"@type":"WebPage","@id":"https:\/\/www.latinonw.com\/es\/sobre-nosotros\/","url":"https:\/\/www.latinonw.com\/es\/sobre-nosotros\/","name":"Sobre Nosotros - LatinoNW","isPartOf":{"@id":"https:\/\/www.latinonw.com\/es\/#website"},"primaryImageOfPage":{"@id":"https:\/\/www.latinonw.com\/es\/sobre-nosotros\/#primaryimage"},"image":{"@id":"https:\/\/www.latinonw.com\/es\/sobre-nosotros\/#primaryimage"},"thumbnailUrl":"https:\/\/www.latinonw.com\/wp-content\/uploads\/2022\/03\/fpo_01.png","datePublished":"2022-08-17T07:00:00+00:00","dateModified":"2023-03-21T21:23:31+00:00","description":"Como fuerza impulsora de LatinoNW.com, la visi\u00f3n de Latino Northwest Communications es crear un espacio que ofrezca historias relevantes que informen e inspiren a nuestras comunidades con contenidos culturalmente apropiados en el estado de Washington y el noroeste del Pac\u00edfico","breadcrumb":{"@id":"https:\/\/www.latinonw.com\/es\/sobre-nosotros\/#breadcrumb"},"inLanguage":"es","potentialAction":[{"@type":"ReadAction","target":["https:\/\/www.latinonw.com\/es\/sobre-nosotros\/"]}]},{"@type":"ImageObject","inLanguage":"es","@id":"https:\/\/www.latinonw.com\/es\/sobre-nosotros\/#primaryimage","url":"https:\/\/www.latinonw.com\/wp-content\/uploads\/2022\/03\/fpo_01.png","contentUrl":"https:\/\/www.latinonw.com\/wp-content\/uploads\/2022\/03\/fpo_01.png","width":1680,"height":840},{"@type":"BreadcrumbList","@id":"https:\/\/www.latinonw.com\/es\/sobre-nosotros\/#breadcrumb","itemListElement":[{"@type":"ListItem","position":1,"name":"Portal","item":"https:\/\/www.latinonw.com\/es\/"},{"@type":"ListItem","position":2,"name":"Sobre Nosotros"}]},{"@type":"WebSite","@id":"https:\/\/www.latinonw.com\/es\/#website","url":"https:\/\/www.latinonw.com\/es\/","name":"LatinoNW","description":"Historias biling\u00fces que informan e inspiran a nuestras comunidades.","publisher":{"@id":"https:\/\/www.latinonw.com\/es\/#organization"},"potentialAction":[{"@type":"SearchAction","target":{"@type":"EntryPoint","urlTemplate":"https:\/\/www.latinonw.com\/es\/?s={search_term_string}"},"query-input":{"@type":"PropertyValueSpecification","valueRequired":true,"valueName":"search_term_string"}}],"inLanguage":"es"},{"@type":"Organization","@id":"https:\/\/www.latinonw.com\/es\/#organization","name":"LatinoNW","url":"https:\/\/www.latinonw.com\/es\/","logo":{"@type":"ImageObject","inLanguage":"es","@id":"https:\/\/www.latinonw.com\/es\/#\/schema\/logo\/image\/","url":"https:\/\/www.latinonw.com\/wp-content\/uploads\/2022\/03\/cropped-logo_LatinoNW-g.png","contentUrl":"https:\/\/www.latinonw.com\/wp-content\/uploads\/2022\/03\/cropped-logo_LatinoNW-g.png","width":1037,"height":116,"caption":"LatinoNW"},"image":{"@id":"https:\/\/www.latinonw.com\/es\/#\/schema\/logo\/image\/"}}]}},"_links":{"self":[{"href":"https:\/\/www.latinonw.com\/es\/wp-json\/wp\/v2\/pages\/3430","targetHints":{"allow":["GET"]}}],"collection":[{"href":"https:\/\/www.latinonw.com\/es\/wp-json\/wp\/v2\/pages"}],"about":[{"href":"https:\/\/www.latinonw.com\/es\/wp-json\/wp\/v2\/types\/page"}],"author":[{"embeddable":true,"href":"https:\/\/www.latinonw.com\/es\/wp-json\/wp\/v2\/users\/1"}],"replies":[{"embeddable":true,"href":"https:\/\/www.latinonw.com\/es\/wp-json\/wp\/v2\/comments?post=3430"}],"version-history":[{"count":54,"href":"https:\/\/www.latinonw.com\/es\/wp-json\/wp\/v2\/pages\/3430\/revisions"}],"predecessor-version":[{"id":5153,"href":"https:\/\/www.latinonw.com\/es\/wp-json\/wp\/v2\/pages\/3430\/revisions\/5153"}],"wp:featuredmedia":[{"embeddable":true,"href":"https:\/\/www.latinonw.com\/es\/wp-json\/wp\/v2\/media\/3390"}],"wp:attachment":[{"href":"https:\/\/www.latinonw.com\/es\/wp-json\/wp\/v2\/media?parent=3430"}],"curies":[{"name":"wp","href":"https:\/\/api.w.org\/{rel}","templated":true}]}}