{"id":4108,"date":"2022-06-06T16:02:07","date_gmt":"2022-06-06T23:02:07","guid":{"rendered":"https:\/\/www.latinonw.com\/?page_id=4108"},"modified":"2022-06-14T14:23:07","modified_gmt":"2022-06-14T21:23:07","slug":"politica-de-privacidad","status":"publish","type":"page","link":"https:\/\/www.latinonw.com\/es\/politica-de-privacidad\/","title":{"rendered":"Pol\u00edtica de Privacidad"},"content":{"rendered":"\n<p>Su privacidad es muy importante para nosotros. En LatinoNW tenemos algunos principios fundamentales que seguimos:<\/p>\n\n<ul class=\"wp-block-list\"><li>No le pedimos informaci\u00f3n personal a menos que realmente la necesitemos. (No soportamos los servicios que le piden cosas como su g\u00e9nero o nivel de ingresos sin motivo aparente).<\/li><li>No compartimos su informaci\u00f3n personal con nadie excepto para cumplir con la ley, desarrollar nuestros productos o proteger nuestros derechos.<\/li><li>No almacenamos informaci\u00f3n personal en nuestros servidores a menos que sea necesario para el funcionamiento continuo de nuestro sitio.<\/li><\/ul>\n\n<p><a href=\"https:\/\/latinonorthwest.com\/\" target=\"_blank\" rel=\"noreferrer noopener\">Latino Northwest Communications, LLC<\/a> . opera a LatinoNW.com. Es pol\u00edtica de Latino Northwest Communications respetar su privacidad con respecto a cualquier informaci\u00f3n que podamos recopilar mientras operamos nuestros sitios web.<\/p>\n\n<p><strong>Visitantes del sitio web<\/strong><\/p>\n\n<p>Como la mayor\u00eda de los operadores de sitios web, Latino Northwest Communications recopila informaci\u00f3n de identificaci\u00f3n no personal del tipo que los navegadores y servidores web normalmente ponen a disposici\u00f3n, como el tipo de navegador, la preferencia de idioma, el sitio de referencia y la fecha y hora de cada solicitud de visitante. El prop\u00f3sito de Latino Northwest Communications al recopilar informaci\u00f3n de identificaci\u00f3n no personal es comprender mejor c\u00f3mo los visitantes de LatinoNW usan su sitio web. De vez en cuando, Latino Northwest Communications puede divulgar informaci\u00f3n de identificaci\u00f3n no personal en conjunto, por ejemplo, mediante la publicaci\u00f3n de un informe sobre las tendencias en el uso de su sitio web.<\/p>\n\n<p>Latino Northwest Communications tambi\u00e9n recopila informaci\u00f3n potencialmente identificable personalmente, como direcciones de Protocolo de Internet (IP) para usuarios registrados y para usuarios que dejan comentarios en nuestros blogs. Latino Northwest Communications solo divulga las direcciones IP de los usuarios registrados y los comentaristas en las mismas circunstancias en que usa y divulga informaci\u00f3n de identificaci\u00f3n personal como se describe a continuaci\u00f3n, excepto que las direcciones IP de los comentaristas del blog son visibles y se divulgan a los administradores del blog donde se dej\u00f3 el comentario. .<\/p>\n\n<p><strong>Recopilaci\u00f3n de informaci\u00f3n de identificaci\u00f3n personal<\/strong><\/p>\n\n<p>Ciertos visitantes de los sitios web de Latino Northwest Communications eligen interactuar con Latino Northwest Communications de maneras que requieren que Latino Northwest Communications recopile informaci\u00f3n de identificaci\u00f3n personal. La cantidad y el tipo de informaci\u00f3n que recopila Latino Northwest Communications depende de la naturaleza de la interacci\u00f3n. Por ejemplo, pedimos a los visitantes que comentan en nuestro blog que proporcionen un nombre de usuario y una direcci\u00f3n de correo electr\u00f3nico. Aquellos que deseen recibir actualizaciones de LatinoNW por correo electr\u00f3nico, recopilamos sus correos electr\u00f3nicos. En cada caso, Latino Northwest Communications recopila dicha informaci\u00f3n solo en la medida en que sea necesaria o apropiada para cumplir con el prop\u00f3sito de la interacci\u00f3n del visitante con Latino Northwest Communications. Latino Northwest Communications no divulga informaci\u00f3n de identificaci\u00f3n personal que no sea la que se describe a continuaci\u00f3n. Y los visitantes siempre pueden negarse a proporcionar informaci\u00f3n de identificaci\u00f3n personal, con la advertencia de que puede impedirles participar en ciertas actividades relacionadas con el sitio web.<\/p>\n\n<p><strong>Estad\u00edsticas Agregadas<\/strong><\/p>\n\n<p>Latino Northwest Communications puede recopilar estad\u00edsticas sobre el comportamiento de los visitantes de sus sitios web. Por ejemplo, Latino Northwest Communications puede monitorear las p\u00e1ginas m\u00e1s populares en el sitio LatinoNW.com o usar el spam filtrado por el servicio Akismet para ayudar a identificar el spam. Latino Northwest Communications puede mostrar esta informaci\u00f3n p\u00fablicamente o proporcionarla a otros. Sin embargo, Latino Northwest Communications no divulga informaci\u00f3n de identificaci\u00f3n personal que no sea la que se describe a continuaci\u00f3n.<\/p>\n\n<p><strong>Protecci\u00f3n de cierta informaci\u00f3n de identificaci\u00f3n personal<\/strong><\/p>\n\n<p>Latino Northwest Communications divulga informaci\u00f3n de identificaci\u00f3n personal y de identificaci\u00f3n personal potencial solo a aquellos de sus empleados, contratistas y organizaciones afiliadas que (i) necesita saber esa informaci\u00f3n para procesarla en nombre de Latino Northwest Communications o para proporcionar servicios disponibles en los sitios web de Latino Northwest Communications, y (ii) que han acordado no revelarlo a otros. Algunos de esos empleados, contratistas y organizaciones afiliadas pueden estar ubicados fuera de su pa\u00eds de origen; al usar los sitios web de Latino Northwest Communications, usted acepta la transferencia de dicha informaci\u00f3n a ellos. Latino Northwest Communications no alquilar\u00e1 ni vender\u00e1 informaci\u00f3n de identificaci\u00f3n personal y de identificaci\u00f3n personal a nadie. Aparte de sus empleados, contratistas y organizaciones afiliadas, como se describe anteriormente, Latino Northwest Communications divulga informaci\u00f3n de identificaci\u00f3n personal y potencialmente identificable solo en respuesta a una citaci\u00f3n, orden judicial u otra solicitud gubernamental, o cuando Latino Northwest Communications cree en la buena fe en que la divulgaci\u00f3n es razonablemente necesaria para proteger la propiedad o los derechos de Latino Northwest Communications, de terceros o del p\u00fablico en general. Si usted es un usuario registrado de un sitio web de Latino Northwest Communications y ha proporcionado su direcci\u00f3n de correo electr\u00f3nico, Latino Northwest Communications puede ocasionalmente enviarle un correo electr\u00f3nico para informarle sobre nuevas funciones, solicitar sus comentarios o simplemente mantenerlo actualizado con lo que est\u00e1 sucediendo. con Latino Northwest Communications y nuestros productos. Principalmente utilizamos nuestros productos para comunicar este tipo de informaci\u00f3n, por lo que esperamos mantener este tipo de correo electr\u00f3nico al m\u00ednimo. Si nos env\u00eda una solicitud (por ejemplo, a trav\u00e9s de un correo electr\u00f3nico de apyo t\u00e9cnico o a trav\u00e9s de uno de nuestros mecanismos de comentarios), nos reservamos el derecho de publicarla para ayudarnos a aclarar o responder a su solicitud o para ayudarnos a apoyar a otros usuarios. Latino Northwest Communications toma todas las medidas razonablemente necesarias para protegerse contra el acceso, uso, alteraci\u00f3n o destrucci\u00f3n no autorizados de informaci\u00f3n de identificaci\u00f3n personal y potencialmente identificable.<\/p>\n\n<p><strong>Cookies<\/strong><\/p>\n\n<p>Una cookie es una cadena de informaci\u00f3n que un sitio web almacena en la computadora de un visitante y que el navegador del visitante proporciona al sitio web cada vez que el visitante regresa. Latino Northwest Communications utiliza cookies para ayudar a Latino Northwest Communications a identificar y rastrear a los visitantes, su uso de los sitios web de Latino Northwest Communications y sus preferencias de acceso al sitio web. Los visitantes de Latino Northwest Communications que no deseen que se coloquen cookies en sus computadoras deben configurar sus navegadores para que rechacen las cookies antes de usar los sitios web de Latino Northwest Communications, o visitar nuestra p\u00e1gina de <a href=\"https:\/\/www.latinonw.com\/es\/politica-de-cookies\/\" target=\"_blank\" rel=\"noreferrer noopener\">Pol\u00edtica de cookies<\/a> para obtener m\u00e1s informaci\u00f3n sobre c\u00f3mo restringir las cookies en este sitio web. Tenga en cuenta que ciertas funciones de LatinoNW.com pueden no funcionar correctamente sin la ayuda de las cookies. <\/p>\n\n<p><strong>Transferencias comerciales<\/strong><\/p>\n\n<p>Si Latino Northwest Communications o sustancialmente todos sus activos fueran adquiridos, o en el improbable caso de que Latino Northwest Communications cerrara o entrara en bancarrota, la informaci\u00f3n del usuario ser\u00eda uno de los activos transferidos o adquiridos por un tercero. Usted reconoce que tales transferencias pueden ocurrir y que cualquier adquirente de Latino Northwest Communications puede continuar usando su informaci\u00f3n personal como se establece en esta pol\u00edtica.<\/p>\n\n<p><strong>Anuncios<\/strong><\/p>\n\n<p>Los anuncios que aparecen en cualquiera de nuestros sitios web pueden ser entregados a los usuarios por socios publicitarios, quienes pueden establecer cookies. Estas cookies permiten que el servidor de anuncios reconozca su computadora cada vez que le env\u00edan un anuncio en l\u00ednea para recopilar informaci\u00f3n sobre usted u otras personas que usan su computadora. Esta informaci\u00f3n permite que las redes publicitarias, entre otras cosas, entreguen anuncios dirigidos que creen que ser\u00e1n de su mayor inter\u00e9s. Esta Pol\u00edtica de privacidad cubre el uso de cookies por parte de Latino Northwest Communications y no cubre el uso de cookies por parte de ning\u00fan anunciante.<\/p>\n\n<p><strong>Comentarios<\/strong><\/p>\n\n<p>Los comentarios y otros contenidos enviados al servicio antispam de Akismet no se guardan en nuestros servidores a menos que se hayan marcado como falsos positivos, en cuyo caso los almacenamos el tiempo suficiente para usarlos para mejorar el servicio y evitar futuros falsos positivos.<\/p>\n\n<p><strong>Cambios en la pol\u00edtica de privacidad<\/strong><\/p>\n\n<p>Aunque es probable que la mayor\u00eda de los cambios sean menores, Latino Northwest Communications puede cambiar su Pol\u00edtica de Privacidad de vez en cuando ya su entera discreci\u00f3n. Latino Northwest Communications alienta a los visitantes a consultar con frecuencia esta p\u00e1gina para ver si hay cambios en su Pol\u00edtica de privacidad. Su uso continuado de este sitio despu\u00e9s de cualquier cambio en esta Pol\u00edtica de privacidad constituir\u00e1 su aceptaci\u00f3n de dicho cambio.<\/p>\n","protected":false},"excerpt":{"rendered":"<p>Su privacidad es muy importante para nosotros. En LatinoNW tenemos algunos principios fundamentales que seguimos: No le pedimos informaci\u00f3n personal a menos que realmente la necesitemos. (No soportamos los servicios que le piden cosas como su g\u00e9nero o nivel de ingresos sin motivo aparente). No compartimos su informaci\u00f3n personal con [&hellip;]<\/p>\n","protected":false},"author":1,"featured_media":0,"parent":0,"menu_order":0,"comment_status":"closed","ping_status":"closed","template":"","meta":{"_coblocks_attr":"","_coblocks_dimensions":"","_coblocks_responsive_height":"","_coblocks_accordion_ie_support":"","footnotes":""},"class_list":["post-4108","page","type-page","status-publish"],"yoast_head":"<!-- This site is optimized with the Yoast SEO plugin v24.7 - https:\/\/yoast.com\/wordpress\/plugins\/seo\/ -->\n<title>Pol\u00edtica de Privacidad - LatinoNW<\/title>\n<meta name=\"robots\" content=\"index, follow, max-snippet:-1, max-image-preview:large, max-video-preview:-1\" \/>\n<link rel=\"canonical\" href=\"https:\/\/www.latinonw.com\/es\/politica-de-privacidad\/\" \/>\n<meta property=\"og:locale\" content=\"es_ES\" \/>\n<meta property=\"og:type\" content=\"article\" \/>\n<meta property=\"og:title\" content=\"Pol\u00edtica de Privacidad - LatinoNW\" \/>\n<meta property=\"og:description\" content=\"Su privacidad es muy importante para nosotros. En LatinoNW tenemos algunos principios fundamentales que seguimos: No le pedimos informaci\u00f3n personal a menos que realmente la necesitemos. (No soportamos los servicios que le piden cosas como su g\u00e9nero o nivel de ingresos sin motivo aparente). No compartimos su informaci\u00f3n personal con [&hellip;]\" \/>\n<meta property=\"og:url\" content=\"https:\/\/www.latinonw.com\/es\/politica-de-privacidad\/\" \/>\n<meta property=\"og:site_name\" content=\"LatinoNW\" \/>\n<meta property=\"article:modified_time\" content=\"2022-06-14T21:23:07+00:00\" \/>\n<meta name=\"twitter:card\" content=\"summary_large_image\" \/>\n<meta name=\"twitter:label1\" content=\"Tiempo de lectura\" \/>\n\t<meta name=\"twitter:data1\" content=\"7 minutos\" \/>\n<script type=\"application\/ld+json\" class=\"yoast-schema-graph\">{\"@context\":\"https:\/\/schema.org\",\"@graph\":[{\"@type\":\"WebPage\",\"@id\":\"https:\/\/www.latinonw.com\/es\/politica-de-privacidad\/\",\"url\":\"https:\/\/www.latinonw.com\/es\/politica-de-privacidad\/\",\"name\":\"Pol\u00edtica de Privacidad - LatinoNW\",\"isPartOf\":{\"@id\":\"https:\/\/www.latinonw.com\/es\/#website\"},\"datePublished\":\"2022-06-06T23:02:07+00:00\",\"dateModified\":\"2022-06-14T21:23:07+00:00\",\"breadcrumb\":{\"@id\":\"https:\/\/www.latinonw.com\/es\/politica-de-privacidad\/#breadcrumb\"},\"inLanguage\":\"es\",\"potentialAction\":[{\"@type\":\"ReadAction\",\"target\":[\"https:\/\/www.latinonw.com\/es\/politica-de-privacidad\/\"]}]},{\"@type\":\"BreadcrumbList\",\"@id\":\"https:\/\/www.latinonw.com\/es\/politica-de-privacidad\/#breadcrumb\",\"itemListElement\":[{\"@type\":\"ListItem\",\"position\":1,\"name\":\"Portal\",\"item\":\"https:\/\/www.latinonw.com\/es\/\"},{\"@type\":\"ListItem\",\"position\":2,\"name\":\"Pol\u00edtica de Privacidad\"}]},{\"@type\":\"WebSite\",\"@id\":\"https:\/\/www.latinonw.com\/es\/#website\",\"url\":\"https:\/\/www.latinonw.com\/es\/\",\"name\":\"LatinoNW\",\"description\":\"Historias biling\u00fces que informan e inspiran a nuestras comunidades.\",\"publisher\":{\"@id\":\"https:\/\/www.latinonw.com\/es\/#organization\"},\"potentialAction\":[{\"@type\":\"SearchAction\",\"target\":{\"@type\":\"EntryPoint\",\"urlTemplate\":\"https:\/\/www.latinonw.com\/es\/?s={search_term_string}\"},\"query-input\":{\"@type\":\"PropertyValueSpecification\",\"valueRequired\":true,\"valueName\":\"search_term_string\"}}],\"inLanguage\":\"es\"},{\"@type\":\"Organization\",\"@id\":\"https:\/\/www.latinonw.com\/es\/#organization\",\"name\":\"LatinoNW\",\"url\":\"https:\/\/www.latinonw.com\/es\/\",\"logo\":{\"@type\":\"ImageObject\",\"inLanguage\":\"es\",\"@id\":\"https:\/\/www.latinonw.com\/es\/#\/schema\/logo\/image\/\",\"url\":\"https:\/\/www.latinonw.com\/wp-content\/uploads\/2022\/03\/cropped-logo_LatinoNW-g.png\",\"contentUrl\":\"https:\/\/www.latinonw.com\/wp-content\/uploads\/2022\/03\/cropped-logo_LatinoNW-g.png\",\"width\":1037,\"height\":116,\"caption\":\"LatinoNW\"},\"image\":{\"@id\":\"https:\/\/www.latinonw.com\/es\/#\/schema\/logo\/image\/\"}}]}<\/script>\n<!-- \/ Yoast SEO plugin. -->","yoast_head_json":{"title":"Pol\u00edtica de Privacidad - LatinoNW","robots":{"index":"index","follow":"follow","max-snippet":"max-snippet:-1","max-image-preview":"max-image-preview:large","max-video-preview":"max-video-preview:-1"},"canonical":"https:\/\/www.latinonw.com\/es\/politica-de-privacidad\/","og_locale":"es_ES","og_type":"article","og_title":"Pol\u00edtica de Privacidad - LatinoNW","og_description":"Su privacidad es muy importante para nosotros. En LatinoNW tenemos algunos principios fundamentales que seguimos: No le pedimos informaci\u00f3n personal a menos que realmente la necesitemos. (No soportamos los servicios que le piden cosas como su g\u00e9nero o nivel de ingresos sin motivo aparente). No compartimos su informaci\u00f3n personal con [&hellip;]","og_url":"https:\/\/www.latinonw.com\/es\/politica-de-privacidad\/","og_site_name":"LatinoNW","article_modified_time":"2022-06-14T21:23:07+00:00","twitter_card":"summary_large_image","twitter_misc":{"Tiempo de lectura":"7 minutos"},"schema":{"@context":"https:\/\/schema.org","@graph":[{"@type":"WebPage","@id":"https:\/\/www.latinonw.com\/es\/politica-de-privacidad\/","url":"https:\/\/www.latinonw.com\/es\/politica-de-privacidad\/","name":"Pol\u00edtica de Privacidad - LatinoNW","isPartOf":{"@id":"https:\/\/www.latinonw.com\/es\/#website"},"datePublished":"2022-06-06T23:02:07+00:00","dateModified":"2022-06-14T21:23:07+00:00","breadcrumb":{"@id":"https:\/\/www.latinonw.com\/es\/politica-de-privacidad\/#breadcrumb"},"inLanguage":"es","potentialAction":[{"@type":"ReadAction","target":["https:\/\/www.latinonw.com\/es\/politica-de-privacidad\/"]}]},{"@type":"BreadcrumbList","@id":"https:\/\/www.latinonw.com\/es\/politica-de-privacidad\/#breadcrumb","itemListElement":[{"@type":"ListItem","position":1,"name":"Portal","item":"https:\/\/www.latinonw.com\/es\/"},{"@type":"ListItem","position":2,"name":"Pol\u00edtica de Privacidad"}]},{"@type":"WebSite","@id":"https:\/\/www.latinonw.com\/es\/#website","url":"https:\/\/www.latinonw.com\/es\/","name":"LatinoNW","description":"Historias biling\u00fces que informan e inspiran a nuestras comunidades.","publisher":{"@id":"https:\/\/www.latinonw.com\/es\/#organization"},"potentialAction":[{"@type":"SearchAction","target":{"@type":"EntryPoint","urlTemplate":"https:\/\/www.latinonw.com\/es\/?s={search_term_string}"},"query-input":{"@type":"PropertyValueSpecification","valueRequired":true,"valueName":"search_term_string"}}],"inLanguage":"es"},{"@type":"Organization","@id":"https:\/\/www.latinonw.com\/es\/#organization","name":"LatinoNW","url":"https:\/\/www.latinonw.com\/es\/","logo":{"@type":"ImageObject","inLanguage":"es","@id":"https:\/\/www.latinonw.com\/es\/#\/schema\/logo\/image\/","url":"https:\/\/www.latinonw.com\/wp-content\/uploads\/2022\/03\/cropped-logo_LatinoNW-g.png","contentUrl":"https:\/\/www.latinonw.com\/wp-content\/uploads\/2022\/03\/cropped-logo_LatinoNW-g.png","width":1037,"height":116,"caption":"LatinoNW"},"image":{"@id":"https:\/\/www.latinonw.com\/es\/#\/schema\/logo\/image\/"}}]}},"_links":{"self":[{"href":"https:\/\/www.latinonw.com\/es\/wp-json\/wp\/v2\/pages\/4108","targetHints":{"allow":["GET"]}}],"collection":[{"href":"https:\/\/www.latinonw.com\/es\/wp-json\/wp\/v2\/pages"}],"about":[{"href":"https:\/\/www.latinonw.com\/es\/wp-json\/wp\/v2\/types\/page"}],"author":[{"embeddable":true,"href":"https:\/\/www.latinonw.com\/es\/wp-json\/wp\/v2\/users\/1"}],"replies":[{"embeddable":true,"href":"https:\/\/www.latinonw.com\/es\/wp-json\/wp\/v2\/comments?post=4108"}],"version-history":[{"count":18,"href":"https:\/\/www.latinonw.com\/es\/wp-json\/wp\/v2\/pages\/4108\/revisions"}],"predecessor-version":[{"id":4288,"href":"https:\/\/www.latinonw.com\/es\/wp-json\/wp\/v2\/pages\/4108\/revisions\/4288"}],"wp:attachment":[{"href":"https:\/\/www.latinonw.com\/es\/wp-json\/wp\/v2\/media?parent=4108"}],"curies":[{"name":"wp","href":"https:\/\/api.w.org\/{rel}","templated":true}]}}