{"id":4260,"date":"2022-06-14T13:06:52","date_gmt":"2022-06-14T20:06:52","guid":{"rendered":"https:\/\/www.latinonw.com\/?page_id=4260"},"modified":"2022-06-15T12:56:06","modified_gmt":"2022-06-15T19:56:06","slug":"politica-de-cookies","status":"publish","type":"page","link":"https:\/\/www.latinonw.com\/es\/politica-de-cookies\/","title":{"rendered":"Pol\u00edtica de Cookies"},"content":{"rendered":"<div class=\"cli_pg_page_contaner\">\n<h3>Sobre esta pol\u00edtica de cookies.<\/h3>\n<div>Esta Pol\u00edtica de cookies explica qu\u00e9 son las cookies y c\u00f3mo las usamos. Debe leer esta pol\u00edtica para comprender qu\u00e9 son las cookies, c\u00f3mo las usamos, los tipos de cookies que usamos, es decir, la informaci\u00f3n que recopilamos usando cookies y c\u00f3mo se usa esa informaci\u00f3n y c\u00f3mo controlar las preferencias de cookies. Para obtener m\u00e1s informaci\u00f3n sobre c\u00f3mo usamos, almacenamos y mantenemos seguros sus datos personales, consulte nuestra <a href=\"https:\/\/www.latinonw.com\/es\/politica-de-privacidad\/\" target=\"_blank\" rel=\"noopener\">Pol\u00edtica de Privacidad<\/a> .<\/div>\n<div>\u00a0<\/div>\n<div><span style=\"font-size: revert; color: initial; font-family: -apple-system, BlinkMacSystemFont, 'Segoe UI', Roboto, Oxygen-Sans, Ubuntu, Cantarell, 'Helvetica Neue', sans-serif;\">En cualquier momento puede cambiar o retirar su consentimiento de la Declaraci\u00f3n de cookies en nuestro sitio web.<\/span><\/div>\n<div>\u00a0<\/div>\n<div><span style=\"font-size: revert; color: initial; font-family: -apple-system, BlinkMacSystemFont, 'Segoe UI', Roboto, Oxygen-Sans, Ubuntu, Cantarell, 'Helvetica Neue', sans-serif;\">Obtenga m\u00e1s informaci\u00f3n sobre qui\u00e9nes somos, c\u00f3mo puede contactarnos y c\u00f3mo procesamos los datos personales en nuestra <\/span><a style=\"font-size: revert; font-family: -apple-system, BlinkMacSystemFont, 'Segoe UI', Roboto, Oxygen-Sans, Ubuntu, Cantarell, 'Helvetica Neue', sans-serif;\" href=\"https:\/\/www.latinonw.com\/es\/politica-de-privacidad\/\" target=\"_blank\" rel=\"noopener\">Pol\u00edtica de Privacidad<\/a><span style=\"font-size: revert; color: initial; font-family: -apple-system, BlinkMacSystemFont, 'Segoe UI', Roboto, Oxygen-Sans, Ubuntu, Cantarell, 'Helvetica Neue', sans-serif;\">.<\/span><\/div>\n<div>\u00a0<\/div>\n<div><span style=\"font-size: revert; color: initial; font-family: -apple-system, BlinkMacSystemFont, 'Segoe UI', Roboto, Oxygen-Sans, Ubuntu, Cantarell, 'Helvetica Neue', sans-serif;\">Su consentimiento se aplica a los siguientes dominios: www.latinonw.com<\/span><\/div>\n<div>\u00a0<\/div>\n<div><span style=\"font-size: revert; color: initial; font-family: -apple-system, BlinkMacSystemFont, 'Segoe UI', Roboto, Oxygen-Sans, Ubuntu, Cantarell, 'Helvetica Neue', sans-serif;\"><div class=\"wt-cli-element cli_user_consent_state\"><\/div><\/span><\/div>\n<h3>\u00a0<\/h3>\n<h3>\u00bfQu\u00e9 son las galletas?<\/h3>\n<div>Las cookies son peque\u00f1os archivos de texto que se utilizan para almacenar peque\u00f1os fragmentos de informaci\u00f3n. Las cookies se almacenan en su dispositivo cuando el sitio web se carga en su navegador. Estas cookies nos ayudan a hacer que el sitio web funcione correctamente, hacer que el sitio web sea m\u00e1s seguro, brindar una mejor experiencia de usuario y comprender c\u00f3mo funciona el sitio web y analizar qu\u00e9 funciona y d\u00f3nde necesita mejorar.<\/div>\n<h3>\u00a0<\/h3>\n<h3>C\u00f3mo usamos las cookies ?<\/h3>\n<div>Como la mayor\u00eda de los servicios en l\u00ednea, nuestro sitio web utiliza cookies propias y de terceros para una serie de prop\u00f3sitos. Las cookies de origen son en su mayor\u00eda necesarias para que el sitio web funcione correctamente y no recopilan ninguno de sus datos de identificaci\u00f3n personal.<\/div>\n<div>\u00a0<\/div>\n<div><span style=\"font-size: revert; color: initial; font-family: -apple-system, BlinkMacSystemFont, 'Segoe UI', Roboto, Oxygen-Sans, Ubuntu, Cantarell, 'Helvetica Neue', sans-serif;\">Las cookies de terceros utilizadas en nuestros sitios web se utilizan principalmente para comprender c\u00f3mo funciona el sitio web, c\u00f3mo interact\u00faa con nuestro sitio web, mantener nuestros servicios seguros, proporcionar anuncios que son relevantes para usted y, en general, brindarle una mejor y mejorada experiencia de usuario y ayudar a acelerar sus futuras interacciones con nuestro sitio web.<\/span><\/div>\n<h3>\u00a0<\/h3>\n<h3>\u00bfQu\u00e9 tipos de cookies utilizamos?<\/h3>\n<div>Las cookies utilizadas en nuestro sitio web se agrupan en las siguientes categor\u00edas.<br \/><div class=\"wt-cli-element cli_cookie_category_single\"><div class=\"cli_cookie_category_single\"><h5 class=\"cli_cookie_category_single_hd\">Necesaria<\/h5><div class=\"cli_cookie_category_single_description\"><p>Las cookies necesarias son absolutamente esenciales para que el sitio web funcione correctamente. Estas cookies garantizan funcionalidades b\u00e1sicas y caracter\u00edsticas de seguridad del sitio web, de forma an\u00f3nima.\n<table class=\"wt-cli-element cookielawinfo-row-cat-table cookielawinfo-winter\"><thead><tr><th scope=\"col\" class=\"cookielawinfo-column-1\">Cookie<\/th><th scope=\"col\" class=\"cookielawinfo-column-3\">Duraci\u00f3n<\/th><th scope=\"col\" class=\"cookielawinfo-column-4\">Descripci\u00f3n<\/th><\/tr><\/thead><tbody><tr class=\"cookielawinfo-row\"><td class=\"cookielawinfo-column-1\">cookielawinfo-checkbox-analytics<\/td><td class=\"cookielawinfo-column-3\"><\/td><td class=\"cookielawinfo-column-4\">Esta cookie est\u00e1 configurada por el complemento de consentimiento de cookies de GDPR. La cookie se utiliza para almacenar el consentimiento del usuario para las cookies en la categor\u00eda \"An\u00e1lisis\".<\/td><\/tr><tr class=\"cookielawinfo-row\"><td class=\"cookielawinfo-column-1\">cookielawinfo-checkbox-funcional<\/td><td class=\"cookielawinfo-column-3\"><\/td><td class=\"cookielawinfo-column-4\">La cookie est\u00e1 configurada por el consentimiento de cookies de GDPR para registrar el consentimiento del usuario para las cookies en la categor\u00eda \"Funcional\".<\/td><\/tr><tr class=\"cookielawinfo-row\"><td class=\"cookielawinfo-column-1\">cookielawinfo-checkbox-necesario<\/td><td class=\"cookielawinfo-column-3\"><\/td><td class=\"cookielawinfo-column-4\">Esta cookie est\u00e1 configurada por el complemento de consentimiento de cookies de GDPR. Las cookies se utilizan para almacenar el consentimiento del usuario para las cookies en la categor\u00eda \"Necesario\".<\/td><\/tr><tr class=\"cookielawinfo-row\"><td class=\"cookielawinfo-column-1\">cookielawinfo-checkbox-otros<\/td><td class=\"cookielawinfo-column-3\"><\/td><td class=\"cookielawinfo-column-4\">Esta cookie est\u00e1 configurada por el complemento de consentimiento de cookies de GDPR. La cookie se utiliza para almacenar el consentimiento del usuario para las cookies en la categor\u00eda \"Otro\".<\/td><\/tr><tr class=\"cookielawinfo-row\"><td class=\"cookielawinfo-column-1\">cookielawinfo-checkbox-rendimiento<\/td><td class=\"cookielawinfo-column-3\"><\/td><td class=\"cookielawinfo-column-4\">Esta cookie est\u00e1 configurada por el complemento de consentimiento de cookies de GDPR. La cookie se utiliza para almacenar el consentimiento del usuario para las cookies en la categor\u00eda \"Rendimiento\".<\/td><\/tr><tr class=\"cookielawinfo-row\"><td class=\"cookielawinfo-column-1\">visto_pol\u00edtica_de_cookies<\/td><td class=\"cookielawinfo-column-3\"><\/td><td class=\"cookielawinfo-column-4\">La cookie est\u00e1 configurada por el complemento de consentimiento de cookies de GDPR y se utiliza para almacenar si el usuario ha dado su consentimiento o no para el uso de cookies. No almacena ning\u00fan dato personal.<\/td><\/tr><tr class=\"cookielawinfo-row\"><td class=\"cookielawinfo-column-1\">wordpress_test_cookie<\/td><td class=\"cookielawinfo-column-3\"><\/td><td class=\"cookielawinfo-column-4\">Esta cookie se utiliza para comprobar si las cookies est\u00e1n habilitadas en el navegador de los usuarios.<\/td><\/tr><\/tbody><\/table><\/p><\/div><\/div><div class=\"cli_cookie_category_single\"><h5 class=\"cli_cookie_category_single_hd\">Funcional<\/h5><div class=\"cli_cookie_category_single_description\"><p>Las cookies funcionales ayudan a realizar ciertas funciones, como compartir el contenido del sitio web en plataformas de redes sociales, recopilar comentarios y otras funciones de terceros.\n<\/p><\/div><\/div><div class=\"cli_cookie_category_single\"><h5 class=\"cli_cookie_category_single_hd\">Rendimiento<\/h5><div class=\"cli_cookie_category_single_description\"><p>Las cookies de rendimiento se utilizan para comprender y analizar los \u00edndices clave de rendimiento del sitio web, lo que ayuda a brindar una mejor experiencia de usuario a los visitantes.\n<table class=\"wt-cli-element cookielawinfo-row-cat-table cookielawinfo-winter\"><thead><tr><th scope=\"col\" class=\"cookielawinfo-column-1\">Cookie<\/th><th scope=\"col\" class=\"cookielawinfo-column-3\">Duraci\u00f3n<\/th><th scope=\"col\" class=\"cookielawinfo-column-4\">Descripci\u00f3n<\/th><\/tr><\/thead><tbody><tr class=\"cookielawinfo-row\"><td class=\"cookielawinfo-column-1\">_tccl_visit<\/td><td class=\"cookielawinfo-column-3\"><\/td><td class=\"cookielawinfo-column-4\">Esta cookie la establece el proveedor de alojamiento web GoDaddy. Esta es una cookie persistente utilizada para monitorear el rendimiento del uso del sitio web.<\/td><\/tr><tr class=\"cookielawinfo-row\"><td class=\"cookielawinfo-column-1\">_tccl_visitor<\/td><td class=\"cookielawinfo-column-3\"><\/td><td class=\"cookielawinfo-column-4\">Esta cookie la establece el proveedor de alojamiento web GoDaddy. Esta es una cookie persistente utilizada para monitorear el rendimiento del uso del sitio web.<\/td><\/tr><\/tbody><\/table><\/p><\/div><\/div><div class=\"cli_cookie_category_single\"><h5 class=\"cli_cookie_category_single_hd\">Anal\u00edticas<\/h5><div class=\"cli_cookie_category_single_description\"><p>Las cookies anal\u00edticas se utilizan para comprender c\u00f3mo interact\u00faan los visitantes con el sitio web. Estas cookies ayudan a proporcionar informaci\u00f3n sobre m\u00e9tricas, el n\u00famero de visitantes, la tasa de rebote, la fuente de tr\u00e1fico, etc.\n<\/p><\/div><\/div><div class=\"cli_cookie_category_single\"><h5 class=\"cli_cookie_category_single_hd\">Publicidad<\/h5><div class=\"cli_cookie_category_single_description\"><p>Las cookies publicitarias se utilizan para proporcionar a los visitantes anuncios y campa\u00f1as de marketing relevantes. Estas cookies rastrean a los visitantes en los sitios web y recopilan informaci\u00f3n para proporcionar anuncios personalizados.\n<\/p><\/div><\/div><div class=\"cli_cookie_category_single\"><h5 class=\"cli_cookie_category_single_hd\">Otras<\/h5><div class=\"cli_cookie_category_single_description\"><p>Otras cookies no categorizadas son aquellas que est\u00e1n siendo analizadas y a\u00fan no han sido clasificadas en una categor\u00eda.\n<\/p><\/div><\/div><\/div><br \/>La siguiente lista detalla las cookies utilizadas en nuestro sitio web.<br \/><table class=\"wt-cli-element cookielawinfo-classic cookielawinfo-row-cat-table\"><thead><tr><th scope=\"col\" class=\"cookielawinfo-column-1\">Cookie<\/th><th scope=\"col\" class=\"cookielawinfo-column-4\">Descripci\u00f3n<\/th><\/thead><tbody><tr class=\"cookielawinfo-row-cat-title\"><th colspan=\"2\" class=\"cookielawinfo-row-cat-title-head\">Necesaria<\/th><\/tr><tr class=\"cookielawinfo-row\"><td class=\"cookielawinfo-column-1\">cookielawinfo-checkbox-rendimiento<\/td><td class=\"cookielawinfo-column-4\">Esta cookie est\u00e1 configurada por el complemento de consentimiento de cookies de GDPR. La cookie se utiliza para almacenar el consentimiento del usuario para las cookies en la categor\u00eda \"Rendimiento\".<\/td><\/tr><tr class=\"cookielawinfo-row\"><td class=\"cookielawinfo-column-1\">cookielawinfo-checkbox-analytics<\/td><td class=\"cookielawinfo-column-4\">Esta cookie est\u00e1 configurada por el complemento de consentimiento de cookies de GDPR. La cookie se utiliza para almacenar el consentimiento del usuario para las cookies en la categor\u00eda \"An\u00e1lisis\".<\/td><\/tr><tr class=\"cookielawinfo-row\"><td class=\"cookielawinfo-column-1\">cookielawinfo-checkbox-otros<\/td><td class=\"cookielawinfo-column-4\">Esta cookie est\u00e1 configurada por el complemento de consentimiento de cookies de GDPR. La cookie se utiliza para almacenar el consentimiento del usuario para las cookies en la categor\u00eda \"Otro\".<\/td><\/tr><tr class=\"cookielawinfo-row\"><td class=\"cookielawinfo-column-1\">wordpress_test_cookie<\/td><td class=\"cookielawinfo-column-4\">Esta cookie se utiliza para comprobar si las cookies est\u00e1n habilitadas en el navegador de los usuarios.<\/td><\/tr><tr class=\"cookielawinfo-row\"><td class=\"cookielawinfo-column-1\">cookielawinfo-checkbox-funcional<\/td><td class=\"cookielawinfo-column-4\">La cookie est\u00e1 configurada por el consentimiento de cookies de GDPR para registrar el consentimiento del usuario para las cookies en la categor\u00eda \"Funcional\".<\/td><\/tr><tr class=\"cookielawinfo-row\"><td class=\"cookielawinfo-column-1\">cookielawinfo-checkbox-necesario<\/td><td class=\"cookielawinfo-column-4\">Esta cookie est\u00e1 configurada por el complemento de consentimiento de cookies de GDPR. Las cookies se utilizan para almacenar el consentimiento del usuario para las cookies en la categor\u00eda \"Necesario\".<\/td><\/tr><tr class=\"cookielawinfo-row\"><td class=\"cookielawinfo-column-1\">visto_pol\u00edtica_de_cookies<\/td><td class=\"cookielawinfo-column-4\">La cookie est\u00e1 configurada por el complemento de consentimiento de cookies de GDPR y se utiliza para almacenar si el usuario ha dado su consentimiento o no para el uso de cookies. No almacena ning\u00fan dato personal.<\/td><\/tr><tr class=\"cookielawinfo-row-cat-title\"><th colspan=\"2\" class=\"cookielawinfo-row-cat-title-head\">Rendimiento<\/th><\/tr><tr class=\"cookielawinfo-row\"><td class=\"cookielawinfo-column-1\">_tccl_visit<\/td><td class=\"cookielawinfo-column-4\">Esta cookie la establece el proveedor de alojamiento web GoDaddy. Esta es una cookie persistente utilizada para monitorear el rendimiento del uso del sitio web.<\/td><\/tr><tr class=\"cookielawinfo-row\"><td class=\"cookielawinfo-column-1\">_tccl_visitor<\/td><td class=\"cookielawinfo-column-4\">Esta cookie la establece el proveedor de alojamiento web GoDaddy. Esta es una cookie persistente utilizada para monitorear el rendimiento del uso del sitio web.<\/td><\/tr><\/tbody><\/table><\/div>\n<h3>\u00a0<\/h3>\n<h3>\u00bfC\u00f3mo puedo controlar las preferencias de cookies?<\/h3>\n<div>Puede administrar sus preferencias de cookies haciendo clic en este enlace de<a id=\"wt-cli-settings-btn\" tabindex=\"0\" role='button' style=\"display:inline-block; background:rgb(86, 86, 86); border-radius:0px; text-align:center; font-size:12px; padding:3px 6px; margin-left:10px; font-weight:normal; text-decoration:underline; border:0px solid rgb(44, 43, 43); line-height:18px;\" class=\"wt-cli-element medium cli-plugin-button cli-plugin-main-button cli_settings_button\" >Configuraci\u00f3n de Cookies<\/a> para habilitar o deshabilitar las categor\u00edas de cookies en la ventana emergente seg\u00fan sus preferencias.<\/div>\n<div>\u00a0<\/div>\n<div><span style=\"font-size: revert; color: initial; font-family: -apple-system, BlinkMacSystemFont, 'Segoe UI', Roboto, Oxygen-Sans, Ubuntu, Cantarell, 'Helvetica Neue', sans-serif;\">Si decide cambiar sus preferencias m\u00e1s tarde a trav\u00e9s de su sesi\u00f3n de navegaci\u00f3n, puede hacer clic en el enlace <strong>Pol\u00edtica de Cookies<\/strong> en el pie del sitio que mostrar\u00e1 esta p\u00e1gina nuevamente, permiti\u00e9ndole cambiar sus preferencias o retirar su consentimiento por completo haciendo clic al bot\u00f3n <strong>Configuraci\u00f3n de Cookies<\/strong> arriba o administrar su consentimiento haciendo clic en este enlace:<\/span><\/div>\n<div>\u00a0<\/div>\n<\/div>\n\n<div class=\"wt-cli-element cli_user_consent_state\"><\/div>\n\n\n\n<p><\/p>\n\n\n\n<p>Adem\u00e1s de esto, los diferentes navegadores brindan diferentes m\u00e9todos para bloquear y eliminar las cookies utilizadas por los sitios web. Puede cambiar la configuraci\u00f3n de su navegador para bloquear\/eliminar las cookies. Para obtener m\u00e1s informaci\u00f3n sobre c\u00f3mo administrar y eliminar las cookies, visite <a href=\"https:\/\/allaboutcookies.org\/\" target=\"_blank\" rel=\"noreferrer noopener\">www.allaboutcookies.org<\/a> .<\/p>\n","protected":false},"excerpt":{"rendered":"<p>Sobre esta pol\u00edtica de cookies. Esta Pol\u00edtica de cookies explica qu\u00e9 son las cookies y c\u00f3mo las usamos. Debe leer esta pol\u00edtica para comprender qu\u00e9 son las cookies, c\u00f3mo las usamos, los tipos de cookies que usamos, es decir, la informaci\u00f3n que recopilamos usando cookies y c\u00f3mo se usa esa [&hellip;]<\/p>\n","protected":false},"author":1,"featured_media":0,"parent":0,"menu_order":0,"comment_status":"closed","ping_status":"closed","template":"","meta":{"_coblocks_attr":"","_coblocks_dimensions":"","_coblocks_responsive_height":"","_coblocks_accordion_ie_support":"","footnotes":""},"class_list":["post-4260","page","type-page","status-publish"],"yoast_head":"<!-- This site is optimized with the Yoast SEO plugin v24.7 - https:\/\/yoast.com\/wordpress\/plugins\/seo\/ -->\n<title>Pol\u00edtica de Cookies - LatinoNW<\/title>\n<meta name=\"robots\" content=\"index, follow, max-snippet:-1, max-image-preview:large, max-video-preview:-1\" \/>\n<link rel=\"canonical\" href=\"https:\/\/www.latinonw.com\/es\/politica-de-cookies\/\" \/>\n<meta property=\"og:locale\" content=\"es_ES\" \/>\n<meta property=\"og:type\" content=\"article\" \/>\n<meta property=\"og:title\" content=\"Pol\u00edtica de Cookies - LatinoNW\" \/>\n<meta property=\"og:description\" content=\"Sobre esta pol\u00edtica de cookies. Esta Pol\u00edtica de cookies explica qu\u00e9 son las cookies y c\u00f3mo las usamos. Debe leer esta pol\u00edtica para comprender qu\u00e9 son las cookies, c\u00f3mo las usamos, los tipos de cookies que usamos, es decir, la informaci\u00f3n que recopilamos usando cookies y c\u00f3mo se usa esa [&hellip;]\" \/>\n<meta property=\"og:url\" content=\"https:\/\/www.latinonw.com\/es\/politica-de-cookies\/\" \/>\n<meta property=\"og:site_name\" content=\"LatinoNW\" \/>\n<meta property=\"article:modified_time\" content=\"2022-06-15T19:56:06+00:00\" \/>\n<meta name=\"twitter:card\" content=\"summary_large_image\" \/>\n<meta name=\"twitter:label1\" content=\"Tiempo de lectura\" \/>\n\t<meta name=\"twitter:data1\" content=\"3 minutos\" \/>\n<script type=\"application\/ld+json\" class=\"yoast-schema-graph\">{\"@context\":\"https:\/\/schema.org\",\"@graph\":[{\"@type\":\"WebPage\",\"@id\":\"https:\/\/www.latinonw.com\/es\/politica-de-cookies\/\",\"url\":\"https:\/\/www.latinonw.com\/es\/politica-de-cookies\/\",\"name\":\"Pol\u00edtica de Cookies - LatinoNW\",\"isPartOf\":{\"@id\":\"https:\/\/www.latinonw.com\/es\/#website\"},\"datePublished\":\"2022-06-14T20:06:52+00:00\",\"dateModified\":\"2022-06-15T19:56:06+00:00\",\"breadcrumb\":{\"@id\":\"https:\/\/www.latinonw.com\/es\/politica-de-cookies\/#breadcrumb\"},\"inLanguage\":\"es\",\"potentialAction\":[{\"@type\":\"ReadAction\",\"target\":[\"https:\/\/www.latinonw.com\/es\/politica-de-cookies\/\"]}]},{\"@type\":\"BreadcrumbList\",\"@id\":\"https:\/\/www.latinonw.com\/es\/politica-de-cookies\/#breadcrumb\",\"itemListElement\":[{\"@type\":\"ListItem\",\"position\":1,\"name\":\"Portal\",\"item\":\"https:\/\/www.latinonw.com\/es\/\"},{\"@type\":\"ListItem\",\"position\":2,\"name\":\"Pol\u00edtica de Cookies\"}]},{\"@type\":\"WebSite\",\"@id\":\"https:\/\/www.latinonw.com\/es\/#website\",\"url\":\"https:\/\/www.latinonw.com\/es\/\",\"name\":\"LatinoNW\",\"description\":\"Historias biling\u00fces que informan e inspiran a nuestras comunidades.\",\"publisher\":{\"@id\":\"https:\/\/www.latinonw.com\/es\/#organization\"},\"potentialAction\":[{\"@type\":\"SearchAction\",\"target\":{\"@type\":\"EntryPoint\",\"urlTemplate\":\"https:\/\/www.latinonw.com\/es\/?s={search_term_string}\"},\"query-input\":{\"@type\":\"PropertyValueSpecification\",\"valueRequired\":true,\"valueName\":\"search_term_string\"}}],\"inLanguage\":\"es\"},{\"@type\":\"Organization\",\"@id\":\"https:\/\/www.latinonw.com\/es\/#organization\",\"name\":\"LatinoNW\",\"url\":\"https:\/\/www.latinonw.com\/es\/\",\"logo\":{\"@type\":\"ImageObject\",\"inLanguage\":\"es\",\"@id\":\"https:\/\/www.latinonw.com\/es\/#\/schema\/logo\/image\/\",\"url\":\"https:\/\/www.latinonw.com\/wp-content\/uploads\/2022\/03\/cropped-logo_LatinoNW-g.png\",\"contentUrl\":\"https:\/\/www.latinonw.com\/wp-content\/uploads\/2022\/03\/cropped-logo_LatinoNW-g.png\",\"width\":1037,\"height\":116,\"caption\":\"LatinoNW\"},\"image\":{\"@id\":\"https:\/\/www.latinonw.com\/es\/#\/schema\/logo\/image\/\"}}]}<\/script>\n<!-- \/ Yoast SEO plugin. -->","yoast_head_json":{"title":"Pol\u00edtica de Cookies - LatinoNW","robots":{"index":"index","follow":"follow","max-snippet":"max-snippet:-1","max-image-preview":"max-image-preview:large","max-video-preview":"max-video-preview:-1"},"canonical":"https:\/\/www.latinonw.com\/es\/politica-de-cookies\/","og_locale":"es_ES","og_type":"article","og_title":"Pol\u00edtica de Cookies - LatinoNW","og_description":"Sobre esta pol\u00edtica de cookies. Esta Pol\u00edtica de cookies explica qu\u00e9 son las cookies y c\u00f3mo las usamos. Debe leer esta pol\u00edtica para comprender qu\u00e9 son las cookies, c\u00f3mo las usamos, los tipos de cookies que usamos, es decir, la informaci\u00f3n que recopilamos usando cookies y c\u00f3mo se usa esa [&hellip;]","og_url":"https:\/\/www.latinonw.com\/es\/politica-de-cookies\/","og_site_name":"LatinoNW","article_modified_time":"2022-06-15T19:56:06+00:00","twitter_card":"summary_large_image","twitter_misc":{"Tiempo de lectura":"3 minutos"},"schema":{"@context":"https:\/\/schema.org","@graph":[{"@type":"WebPage","@id":"https:\/\/www.latinonw.com\/es\/politica-de-cookies\/","url":"https:\/\/www.latinonw.com\/es\/politica-de-cookies\/","name":"Pol\u00edtica de Cookies - LatinoNW","isPartOf":{"@id":"https:\/\/www.latinonw.com\/es\/#website"},"datePublished":"2022-06-14T20:06:52+00:00","dateModified":"2022-06-15T19:56:06+00:00","breadcrumb":{"@id":"https:\/\/www.latinonw.com\/es\/politica-de-cookies\/#breadcrumb"},"inLanguage":"es","potentialAction":[{"@type":"ReadAction","target":["https:\/\/www.latinonw.com\/es\/politica-de-cookies\/"]}]},{"@type":"BreadcrumbList","@id":"https:\/\/www.latinonw.com\/es\/politica-de-cookies\/#breadcrumb","itemListElement":[{"@type":"ListItem","position":1,"name":"Portal","item":"https:\/\/www.latinonw.com\/es\/"},{"@type":"ListItem","position":2,"name":"Pol\u00edtica de Cookies"}]},{"@type":"WebSite","@id":"https:\/\/www.latinonw.com\/es\/#website","url":"https:\/\/www.latinonw.com\/es\/","name":"LatinoNW","description":"Historias biling\u00fces que informan e inspiran a nuestras comunidades.","publisher":{"@id":"https:\/\/www.latinonw.com\/es\/#organization"},"potentialAction":[{"@type":"SearchAction","target":{"@type":"EntryPoint","urlTemplate":"https:\/\/www.latinonw.com\/es\/?s={search_term_string}"},"query-input":{"@type":"PropertyValueSpecification","valueRequired":true,"valueName":"search_term_string"}}],"inLanguage":"es"},{"@type":"Organization","@id":"https:\/\/www.latinonw.com\/es\/#organization","name":"LatinoNW","url":"https:\/\/www.latinonw.com\/es\/","logo":{"@type":"ImageObject","inLanguage":"es","@id":"https:\/\/www.latinonw.com\/es\/#\/schema\/logo\/image\/","url":"https:\/\/www.latinonw.com\/wp-content\/uploads\/2022\/03\/cropped-logo_LatinoNW-g.png","contentUrl":"https:\/\/www.latinonw.com\/wp-content\/uploads\/2022\/03\/cropped-logo_LatinoNW-g.png","width":1037,"height":116,"caption":"LatinoNW"},"image":{"@id":"https:\/\/www.latinonw.com\/es\/#\/schema\/logo\/image\/"}}]}},"_links":{"self":[{"href":"https:\/\/www.latinonw.com\/es\/wp-json\/wp\/v2\/pages\/4260","targetHints":{"allow":["GET"]}}],"collection":[{"href":"https:\/\/www.latinonw.com\/es\/wp-json\/wp\/v2\/pages"}],"about":[{"href":"https:\/\/www.latinonw.com\/es\/wp-json\/wp\/v2\/types\/page"}],"author":[{"embeddable":true,"href":"https:\/\/www.latinonw.com\/es\/wp-json\/wp\/v2\/users\/1"}],"replies":[{"embeddable":true,"href":"https:\/\/www.latinonw.com\/es\/wp-json\/wp\/v2\/comments?post=4260"}],"version-history":[{"count":14,"href":"https:\/\/www.latinonw.com\/es\/wp-json\/wp\/v2\/pages\/4260\/revisions"}],"predecessor-version":[{"id":4304,"href":"https:\/\/www.latinonw.com\/es\/wp-json\/wp\/v2\/pages\/4260\/revisions\/4304"}],"wp:attachment":[{"href":"https:\/\/www.latinonw.com\/es\/wp-json\/wp\/v2\/media?parent=4260"}],"curies":[{"name":"wp","href":"https:\/\/api.w.org\/{rel}","templated":true}]}}